{"id":1555,"date":"2016-12-28T15:33:23","date_gmt":"2016-12-28T15:33:23","guid":{"rendered":"https:\/\/www.abendanogurasoak.com\/?page_id=1555"},"modified":"2024-02-04T15:11:00","modified_gmt":"2024-02-04T14:11:00","slug":"omr","status":"publish","type":"page","link":"https:\/\/www.abendanogurasoak.com\/eu\/omr","title":{"rendered":"OGG"},"content":{"rendered":"<p><\/p>\n<p style=\"text-align: justify;\">El OMR-\u00d3rgano M\u00e1ximo de Representaci\u00f3n o Consejo Escolar es el \u00f3rgano m\u00e1ximo de representaci\u00f3n y participaci\u00f3n de los diferentes sectores que forman la comunidad educativa. Es en este espacio, donde las familias, el profesorado y el alumnado participan y toman las decisiones que afectan a la vida de cualquier centro escolar de la red de ense\u00f1anza p\u00fablica vasca.<\/p>\n<p style=\"text-align: justify;\">La constituci\u00f3n del <strong>Consejo Escolar es obligatoria\u00a0en todos los centros educativos sostenidos con fondos p\u00fablicos<\/strong>.<\/p>\n<h3 style=\"text-align: justify;\">Composici\u00f3n<\/h3>\n<p>La composici\u00f3n del OMR para un centro de Primaria como nuestra Ikastola Abenda\u00f1o es la siguiente:<\/p>\n<ul>\n<li>director\/a que ejercer\u00e1 de\u00a0presidente\/a del Consejo<\/li>\n<li>jefe\/a de estudios<\/li>\n<li>n\u00famero de profesores\/as determinado por el Reglamento de Orden y Funcionamiento del propio centro (ROF) y elegidos por el claustro y que no podr\u00e1 ser inferior a un tercio del total de los componentes del OMR<\/li>\n<li>n\u00famero de madres\/padres determinado por el ROF y elegidos por las familias del centro.<\/li>\n<li>un padre\/madre representante de la Asociaci\u00f3n de madres y padres del centro que se designa como miembro nato del Consejo Escolar\u00a0sin someterse a proceso electoral<\/li>\n<li>un persona en representaci\u00f3n del Ayuntamiento de Vitoria-Gasteiz<\/li>\n<li>una persona que represente al personal no docente del centro escolar<\/li>\n<li>el secretario\/a del centro que actuar\u00e1 como secretario del OMR, con voz pero sin voto.<\/li>\n<\/ul>\n<p>&nbsp;<\/p>\n<table border=\"1\">\n<caption>\u00a0<\/caption>\n<\/table>\n<p>&nbsp;<\/p>\n<p><\/p>","protected":false},"excerpt":{"rendered":"<p>El OMR-\u00d3rgano M\u00e1ximo de Representaci\u00f3n o Consejo Escolar es el \u00f3rgano m\u00e1ximo de representaci\u00f3n y participaci\u00f3n de los diferentes sectores que forman la comunidad educativa. Es en este espacio, donde &#8230;<\/p>\n","protected":false},"author":1,"featured_media":0,"parent":0,"menu_order":0,"comment_status":"closed","ping_status":"closed","template":"template-fullwidth.php","meta":{"_crdt_document":"","footnotes":""},"class_list":["post-1555","page","type-page","status-publish","hentry"],"featured_image_src":null,"jetpack_sharing_enabled":true,"_links":{"self":[{"href":"https:\/\/www.abendanogurasoak.com\/eu\/wp-json\/wp\/v2\/pages\/1555","targetHints":{"allow":["GET"]}}],"collection":[{"href":"https:\/\/www.abendanogurasoak.com\/eu\/wp-json\/wp\/v2\/pages"}],"about":[{"href":"https:\/\/www.abendanogurasoak.com\/eu\/wp-json\/wp\/v2\/types\/page"}],"author":[{"embeddable":true,"href":"https:\/\/www.abendanogurasoak.com\/eu\/wp-json\/wp\/v2\/users\/1"}],"replies":[{"embeddable":true,"href":"https:\/\/www.abendanogurasoak.com\/eu\/wp-json\/wp\/v2\/comments?post=1555"}],"version-history":[{"count":0,"href":"https:\/\/www.abendanogurasoak.com\/eu\/wp-json\/wp\/v2\/pages\/1555\/revisions"}],"wp:attachment":[{"href":"https:\/\/www.abendanogurasoak.com\/eu\/wp-json\/wp\/v2\/media?parent=1555"}],"curies":[{"name":"wp","href":"https:\/\/api.w.org\/{rel}","templated":true}]}}